{"id":685,"date":"2018-07-03T16:33:57","date_gmt":"2018-07-03T14:33:57","guid":{"rendered":"http:\/\/testonehojas.com\/?page_id=685"},"modified":"2023-03-07T12:06:18","modified_gmt":"2023-03-07T11:06:18","slug":"donostia-bilduma","status":"publish","type":"page","link":"https:\/\/testonehojas.com\/eu\/donostia-bilduma\/","title":{"rendered":"Donostia bilduma"},"content":{"rendered":"<div class=\"wpb-content-wrapper\"><p>[vc_row][vc_column][vc_column_text css=&#8221;.vc_custom_1605542327985{border-left-width: 3px !important;padding-left: 20px !important;border-left-color: #9b231e !important;border-left-style: solid !important;}&#8221;]<\/p>\n<h1>DONOSTIA BILDUMA<\/h1>\n<p>[\/vc_column_text][vc_separator][vc_column_text]<\/p>\n<div class=\"row\">\n<div class=\"col-md-12 col-xs-12\">Bilduma honetan, Donostiako ikurrei omenaldia egiten diegu. Hiriko ikonoen interpretazio apala da, Donostiatik zurekin zatitxo bat eraman dezazun.<\/div>\n<\/div>\n<p>[\/vc_column_text][vc_separator][\/vc_column][\/vc_row][vc_row full_width=&#8221;stretch_row_content_no_spaces&#8221; equal_height=&#8221;yes&#8221; content_placement=&#8221;middle&#8221; css=&#8221;.vc_custom_1605263013090{padding-top: 0px !important;}&#8221;][vc_column width=&#8221;1\/3&#8243; css=&#8221;.vc_custom_1605263024872{border-bottom-width: 8px !important;padding-top: 0px !important;border-bottom-color: #88231e !important;border-bottom-style: solid !important;}&#8221;][vc_column_text css=&#8221;.vc_custom_1605542436335{padding-top: 20px !important;}&#8221;]<\/p>\n<h2 style=\"text-align: center;\"><span style=\"color: #666666;\">BARANDA<br \/>\n<\/span><\/h2>\n<p>[\/vc_column_text][\/vc_column][vc_column width=&#8221;2\/3&#8243; css=&#8221;.vc_custom_1605263032375{padding-top: 0px !important;}&#8221;][vc_column_text css=&#8221;.vc_custom_1605542780285{padding-top: 20px !important;padding-right: 20px !important;padding-left: 20px !important;}&#8221;]<\/p>\n<div class=\"row\">\n<h4 class=\"col-md-12 col-xs-12\">Kontxa hondartzaren ikonoa, ukitu berritzaile eta erraza emanez diseinatzen duguna.<\/h4>\n<\/div>\n<p>[\/vc_column_text][\/vc_column][\/vc_row][vc_row full_width=&#8221;stretch_row_content_no_spaces&#8221;][vc_column][vc_masonry_media_grid item=&#8221;mediaGrid_Default&#8221; grid_id=&#8221;vc_gid:1678186898727-83fa4032-3cbb-9&#8243; include=&#8221;1670,1691,1685,1682,1679,1694,1664,1673,1688,1676,1667&#8243;][\/vc_column][\/vc_row][vc_row full_width=&#8221;stretch_row_content_no_spaces&#8221; equal_height=&#8221;yes&#8221; content_placement=&#8221;middle&#8221; css=&#8221;.vc_custom_1605263013090{padding-top: 0px !important;}&#8221;][vc_column width=&#8221;1\/3&#8243; css=&#8221;.vc_custom_1605263024872{border-bottom-width: 8px !important;padding-top: 0px !important;border-bottom-color: #88231e !important;border-bottom-style: solid !important;}&#8221;][vc_column_text css=&#8221;.vc_custom_1605542453423{padding-top: 20px !important;}&#8221;]<\/p>\n<h2 style=\"text-align: center;\"><span style=\"color: #666666;\">MAREA BIZIAK<br \/>\n<\/span><\/h2>\n<p>[\/vc_column_text][\/vc_column][vc_column width=&#8221;2\/3&#8243; css=&#8221;.vc_custom_1605263032375{padding-top: 0px !important;}&#8221;][vc_column_text css=&#8221;.vc_custom_1605542767242{padding-top: 20px !important;padding-right: 20px !important;padding-left: 20px !important;}&#8221;]<\/p>\n<h4 style=\"text-align: left;\">Zurriolako hondartzako olatuen indarrari eta energiari buruzko gure interpretazioa da.<\/h4>\n<p>[\/vc_column_text][\/vc_column][\/vc_row][vc_row full_width=&#8221;stretch_row_content_no_spaces&#8221; equal_height=&#8221;yes&#8221; content_placement=&#8221;middle&#8221; disable_element=&#8221;yes&#8221;][vc_column width=&#8221;1\/2&#8243; css=&#8221;.vc_custom_1604662829252{background-color: #f7f7f7 !important;}&#8221;][vc_column_text]<\/p>\n<h2 style=\"text-align: center;\"><span style=\"color: #666666;\">MAREAS VIVAS<br \/>\n<\/span><\/h2>\n<p>[\/vc_column_text][\/vc_column][vc_column width=&#8221;1\/2&#8243;][vc_column_text css=&#8221;.vc_custom_1604665059628{padding-right: 20px !important;padding-left: 20px !important;}&#8221;]<\/p>\n<p style=\"text-align: left;\"><span style=\"color: #666666;\">Es nuestra interpretaci\u00f3n de las fuerza y energ\u00eda de las olas de la Playa de la Zurriola.<\/span><\/p>\n<p>[\/vc_column_text][\/vc_column][\/vc_row][vc_row full_width=&#8221;stretch_row_content_no_spaces&#8221;][vc_column][vc_masonry_media_grid item=&#8221;mediaGrid_Default&#8221; grid_id=&#8221;vc_gid:1678186898747-a46523ca-2fcf-0&#8243; include=&#8221;2433,2372,2430,2375,2378&#8243;][\/vc_column][\/vc_row][vc_row full_width=&#8221;stretch_row_content_no_spaces&#8221; equal_height=&#8221;yes&#8221; content_placement=&#8221;middle&#8221; disable_element=&#8221;yes&#8221;][vc_column width=&#8221;1\/2&#8243; css=&#8221;.vc_custom_1604662829252{background-color: #f7f7f7 !important;}&#8221;][vc_column_text]<\/p>\n<h2 style=\"text-align: center;\"><span style=\"color: #666666;\">TAMARINDOS<br \/>\n<\/span><\/h2>\n<p>[\/vc_column_text][\/vc_column][vc_column width=&#8221;1\/2&#8243;][vc_column_text css=&#8221;.vc_custom_1604665261996{padding-right: 20px !important;padding-left: 20px !important;}&#8221;]Tamarices son Tamarindos les llaman. Un \u00e1rbol convertido en s\u00edmbolo de San Sebasti\u00e1n.<\/p>\n<p>Sus hojas et\u00e9reas ba\u00f1adas en metal representan al Paseo m\u00e1s emblem\u00e1tico de Donostia.[\/vc_column_text][\/vc_column][\/vc_row][vc_row full_width=&#8221;stretch_row_content_no_spaces&#8221; equal_height=&#8221;yes&#8221; content_placement=&#8221;middle&#8221; css=&#8221;.vc_custom_1605263013090{padding-top: 0px !important;}&#8221;][vc_column width=&#8221;1\/3&#8243; css=&#8221;.vc_custom_1605263024872{border-bottom-width: 8px !important;padding-top: 0px !important;border-bottom-color: #88231e !important;border-bottom-style: solid !important;}&#8221;][vc_column_text css=&#8221;.vc_custom_1605542480351{padding-top: 20px !important;}&#8221;]<\/p>\n<h2 style=\"text-align: center;\"><span style=\"color: #666666;\">TAMARINDOAK<br \/>\n<\/span><\/h2>\n<p>[\/vc_column_text][\/vc_column][vc_column width=&#8221;2\/3&#8243; css=&#8221;.vc_custom_1605263032375{padding-top: 0px !important;}&#8221;][vc_column_text css=&#8221;.vc_custom_1605542910681{padding-top: 20px !important;padding-right: 20px !important;padding-left: 20px !important;}&#8221;]<\/p>\n<h4>Tamarindoak deitzen diete Tamarizak dira. Donostiako ikur bihurtutako zuhaitza.<\/h4>\n<h4>Metalezko hosto etereoak Donostiako pasealeku enblematikoenaren adierazgarri dira.<\/h4>\n<p>[\/vc_column_text][\/vc_column][\/vc_row][vc_row full_width=&#8221;stretch_row_content_no_spaces&#8221;][vc_column][vc_masonry_media_grid item=&#8221;mediaGrid_Default&#8221; grid_id=&#8221;vc_gid:1678186898760-bccb9fb3-e48a-7&#8243; include=&#8221;1727,1724,1721,1718,1715&#8243;][\/vc_column][\/vc_row][vc_row full_width=&#8221;stretch_row_content_no_spaces&#8221; equal_height=&#8221;yes&#8221; content_placement=&#8221;middle&#8221; disable_element=&#8221;yes&#8221;][vc_column width=&#8221;1\/2&#8243; css=&#8221;.vc_custom_1604662829252{background-color: #f7f7f7 !important;}&#8221;][vc_column_text]<\/p>\n<h2 style=\"text-align: center;\"><span style=\"color: #666666;\">EL KURSAAL<br \/>\n<\/span><\/h2>\n<p>[\/vc_column_text][\/vc_column][vc_column width=&#8221;1\/2&#8243;][vc_column_text css=&#8221;.vc_custom_1604665253823{padding-right: 20px !important;padding-left: 20px !important;}&#8221;]Dos rocas varadas fue la interpretaci\u00f3n de su arquitecto. Nosotras nos inspiramos en una de sus ventanas que miran al mar para crear esta colecci\u00f3n de trazado m\u00e1s geom\u00e9trico.[\/vc_column_text][\/vc_column][\/vc_row][vc_row full_width=&#8221;stretch_row_content_no_spaces&#8221; equal_height=&#8221;yes&#8221; content_placement=&#8221;middle&#8221; css=&#8221;.vc_custom_1605263013090{padding-top: 0px !important;}&#8221;][vc_column width=&#8221;1\/3&#8243; css=&#8221;.vc_custom_1605263024872{border-bottom-width: 8px !important;padding-top: 0px !important;border-bottom-color: #88231e !important;border-bottom-style: solid !important;}&#8221;][vc_column_text css=&#8221;.vc_custom_1605542494103{padding-top: 20px !important;}&#8221;]<\/p>\n<h2 style=\"text-align: center;\"><span style=\"color: #666666;\">KURSAALA<br \/>\n<\/span><\/h2>\n<p>[\/vc_column_text][\/vc_column][vc_column width=&#8221;2\/3&#8243; css=&#8221;.vc_custom_1605263032375{padding-top: 0px !important;}&#8221;][vc_column_text css=&#8221;.vc_custom_1605543012825{padding-top: 20px !important;padding-right: 20px !important;padding-left: 20px !important;}&#8221;]<\/p>\n<h4>Hondartutako bi harri izan ziren bere arkitektoaren interpretazioa. Gu haren leihoetako batean inspiratzen gara, itsasoari begira, trazadura geometrikoagoko bilduma hau sortzeko.<\/h4>\n<p>[\/vc_column_text][\/vc_column][\/vc_row][vc_row full_width=&#8221;stretch_row_content_no_spaces&#8221;][vc_column][vc_masonry_media_grid element_width=&#8221;6&#8243; item=&#8221;mediaGrid_Default&#8221; grid_id=&#8221;vc_gid:1678186898772-bbed86fa-c6c8-4&#8243; include=&#8221;1733,1730&#8243;][\/vc_column][\/vc_row][vc_row full_width=&#8221;stretch_row_content_no_spaces&#8221; equal_height=&#8221;yes&#8221; content_placement=&#8221;middle&#8221; disable_element=&#8221;yes&#8221;][vc_column width=&#8221;1\/2&#8243; css=&#8221;.vc_custom_1604662829252{background-color: #f7f7f7 !important;}&#8221;][vc_column_text]<\/p>\n<h2 style=\"text-align: center;\"><span style=\"color: #666666;\">LAUBURU<br \/>\n<\/span><\/h2>\n<p>[\/vc_column_text][\/vc_column][vc_column width=&#8221;1\/2&#8243;][vc_column_text css=&#8221;.vc_custom_1604665246360{padding-right: 20px !important;padding-left: 20px !important;}&#8221;]Representa al sol que emana rayos de luz en constante movimiento, tray\u00e9ndonos protecci\u00f3n frente al mal.[\/vc_column_text][\/vc_column][\/vc_row][vc_row full_width=&#8221;stretch_row_content_no_spaces&#8221; equal_height=&#8221;yes&#8221; content_placement=&#8221;middle&#8221; css=&#8221;.vc_custom_1605263013090{padding-top: 0px !important;}&#8221;][vc_column width=&#8221;1\/3&#8243; css=&#8221;.vc_custom_1605263024872{border-bottom-width: 8px !important;padding-top: 0px !important;border-bottom-color: #88231e !important;border-bottom-style: solid !important;}&#8221;][vc_column_text css=&#8221;.vc_custom_1605542513790{padding-top: 20px !important;}&#8221;]<\/p>\n<h2 style=\"text-align: center;\"><span style=\"color: #666666;\">LAUBURUA<\/span><\/h2>\n<p>[\/vc_column_text][\/vc_column][vc_column width=&#8221;2\/3&#8243; css=&#8221;.vc_custom_1605263032375{padding-top: 0px !important;}&#8221;][vc_column_text css=&#8221;.vc_custom_1605543044523{padding-top: 20px !important;padding-right: 20px !important;padding-left: 20px !important;}&#8221;]<\/p>\n<h4>Etengabe mugitzen ari den argi izpiak sortzen dituen eguzkia irudikatzen du, gaizkiaren aurrean babesa ekarriz.<\/h4>\n<p>[\/vc_column_text][\/vc_column][\/vc_row][vc_row full_width=&#8221;stretch_row_content_no_spaces&#8221;][vc_column][vc_masonry_media_grid item=&#8221;mediaGrid_Default&#8221; grid_id=&#8221;vc_gid:1678186898777-cb298239-b121-1&#8243; include=&#8221;1712,1709,1706,1703,1700,1697&#8243;][\/vc_column][\/vc_row][vc_row full_width=&#8221;stretch_row_content_no_spaces&#8221; equal_height=&#8221;yes&#8221; content_placement=&#8221;middle&#8221; disable_element=&#8221;yes&#8221; css=&#8221;.vc_custom_1678187128827{padding-top: 0px !important;}&#8221;][vc_column width=&#8221;1\/3&#8243; css=&#8221;.vc_custom_1605263024872{border-bottom-width: 8px !important;padding-top: 0px !important;border-bottom-color: #88231e !important;border-bottom-style: solid !important;}&#8221;][vc_column_text css=&#8221;.vc_custom_1606124190378{padding-top: 20px !important;}&#8221;]<\/p>\n<h2 style=\"text-align: center;\"><span style=\"color: #666666;\">ERREALABAI<br \/>\n<\/span><\/h2>\n<p>[\/vc_column_text][\/vc_column][vc_column width=&#8221;2\/3&#8243; css=&#8221;.vc_custom_1605263032375{padding-top: 0px !important;}&#8221;][vc_column_text css=&#8221;.vc_custom_1605543104320{padding-top: 20px !important;padding-right: 20px !important;padding-left: 20px !important;}&#8221;]<\/p>\n<h4>Bilduma honetan askoren beste pasio bateri oihartzun egin nahi diogu.<\/h4>\n<p>[\/vc_column_text][\/vc_column][\/vc_row][vc_row full_width=&#8221;stretch_row_content_no_spaces&#8221; equal_height=&#8221;yes&#8221; content_placement=&#8221;middle&#8221; disable_element=&#8221;yes&#8221;][vc_column width=&#8221;1\/2&#8243; css=&#8221;.vc_custom_1604662829252{background-color: #f7f7f7 !important;}&#8221;][vc_column_text]<\/p>\n<h2 style=\"text-align: center;\"><span style=\"color: #666666;\">AUPA ERREALA<br \/>\n<\/span><\/h2>\n<p>[\/vc_column_text][\/vc_column][vc_column width=&#8221;1\/2&#8243;][vc_column_text css=&#8221;.vc_custom_1604665229666{padding-right: 20px !important;padding-left: 20px !important;}&#8221;]<\/p>\n<div class=\"wpb_text_column wpb_content_element vc_custom_1604658231672\">\n<div class=\"wpb_wrapper\">\n<p>En esta colecci\u00f3n queremos hacernos eco de otra pasi\u00f3n de muchos.<\/p>\n<\/div>\n<\/div>\n<p>[\/vc_column_text][\/vc_column][\/vc_row][vc_row full_width=&#8221;stretch_row_content_no_spaces&#8221; disable_element=&#8221;yes&#8221;][vc_column][vc_masonry_media_grid item=&#8221;mediaGrid_Default&#8221; grid_id=&#8221;vc_gid:1678186898791-163571e2-bbc6-0&#8243; include=&#8221;2393,2390,2387,2384,2381&#8243;][\/vc_column][\/vc_row]<\/p>\n<\/div>","protected":false},"excerpt":{"rendered":"<p>[vc_row][vc_column][vc_column_text css=&#8221;.vc_custom_1605542327985{border-left-width: 3px !important;padding-left: 20px !important;border-left-color: #9b231e !important;border-left-style: solid !important;}&#8221;] DONOSTIA BILDUMA [\/vc_column_text][vc_separator][vc_column_text] Bilduma honetan, Donostiako ikurrei omenaldia egiten diegu. Hiriko ikonoen interpretazio apala da, Donostiatik zurekin zatitxo bat eraman dezazun. [\/vc_column_text][vc_separator][\/vc_column][\/vc_row][vc_row full_width=&#8221;stretch_row_content_no_spaces&#8221; equal_height=&#8221;yes&#8221; content_placement=&#8221;middle&#8221; css=&#8221;.vc_custom_1605263013090{padding-top: 0px !important;}&#8221;][vc_column width=&#8221;1\/3&#8243; css=&#8221;.vc_custom_1605263024872{border-bottom-width: 8px !important;padding-top: 0px !important;border-bottom-color: #88231e !important;border-bottom-style: solid !important;}&#8221;][vc_column_text css=&#8221;.vc_custom_1605542436335{padding-top: 20px !important;}&#8221;] BARANDA [\/vc_column_text][\/vc_column][vc_column width=&#8221;2\/3&#8243; css=&#8221;.vc_custom_1605263032375{padding-top:&hellip;<\/p>\n","protected":false},"author":1,"featured_media":0,"parent":0,"menu_order":0,"comment_status":"closed","ping_status":"closed","template":"","meta":{"_acf_changed":false,"footnotes":""},"class_list":["post-685","page","type-page","status-publish","hentry","description-off"],"acf":[],"yoast_head":"<!-- This site is optimized with the Yoast SEO plugin v27.3 - https:\/\/yoast.com\/product\/yoast-seo-wordpress\/ -->\n<title>Donostia bilduma - Testone Hojas<\/title>\n<meta name=\"robots\" content=\"index, follow, max-snippet:-1, max-image-preview:large, max-video-preview:-1\" \/>\n<link rel=\"canonical\" href=\"https:\/\/testonehojas.com\/eu\/donostia-bilduma\/\" \/>\n<meta property=\"og:locale\" content=\"eu_ES\" \/>\n<meta property=\"og:type\" content=\"article\" \/>\n<meta property=\"og:title\" content=\"Donostia bilduma - Testone Hojas\" \/>\n<meta property=\"og:description\" content=\"[vc_row][vc_column][vc_column_text css=&#8221;.vc_custom_1605542327985{border-left-width: 3px !important;padding-left: 20px !important;border-left-color: #9b231e !important;border-left-style: solid !important;}&#8221;] DONOSTIA BILDUMA [\/vc_column_text][vc_separator][vc_column_text] Bilduma honetan, Donostiako ikurrei omenaldia egiten diegu. Hiriko ikonoen interpretazio apala da, Donostiatik zurekin zatitxo bat eraman dezazun. [\/vc_column_text][vc_separator][\/vc_column][\/vc_row][vc_row full_width=&#8221;stretch_row_content_no_spaces&#8221; equal_height=&#8221;yes&#8221; content_placement=&#8221;middle&#8221; css=&#8221;.vc_custom_1605263013090{padding-top: 0px !important;}&#8221;][vc_column width=&#8221;1\/3&#8243; css=&#8221;.vc_custom_1605263024872{border-bottom-width: 8px !important;padding-top: 0px !important;border-bottom-color: #88231e !important;border-bottom-style: solid !important;}&#8221;][vc_column_text css=&#8221;.vc_custom_1605542436335{padding-top: 20px !important;}&#8221;] BARANDA [\/vc_column_text][\/vc_column][vc_column width=&#8221;2\/3&#8243; css=&#8221;.vc_custom_1605263032375{padding-top:&hellip;\" \/>\n<meta property=\"og:url\" content=\"https:\/\/testonehojas.com\/eu\/donostia-bilduma\/\" \/>\n<meta property=\"og:site_name\" content=\"Testone Hojas\" \/>\n<meta property=\"article:modified_time\" content=\"2023-03-07T11:06:18+00:00\" \/>\n<meta name=\"twitter:card\" content=\"summary_large_image\" \/>\n<meta name=\"twitter:label1\" content=\"Est. reading time\" \/>\n\t<meta name=\"twitter:data1\" content=\"3 minutes\" \/>\n<script type=\"application\/ld+json\" class=\"yoast-schema-graph\">{\"@context\":\"https:\\\/\\\/schema.org\",\"@graph\":[{\"@type\":\"WebPage\",\"@id\":\"https:\\\/\\\/testonehojas.com\\\/eu\\\/donostia-bilduma\\\/\",\"url\":\"https:\\\/\\\/testonehojas.com\\\/eu\\\/donostia-bilduma\\\/\",\"name\":\"Donostia bilduma - Testone Hojas\",\"isPartOf\":{\"@id\":\"https:\\\/\\\/testonehojas.com\\\/#website\"},\"datePublished\":\"2018-07-03T14:33:57+00:00\",\"dateModified\":\"2023-03-07T11:06:18+00:00\",\"breadcrumb\":{\"@id\":\"https:\\\/\\\/testonehojas.com\\\/eu\\\/donostia-bilduma\\\/#breadcrumb\"},\"inLanguage\":\"eu-ES\",\"potentialAction\":[{\"@type\":\"ReadAction\",\"target\":[\"https:\\\/\\\/testonehojas.com\\\/eu\\\/donostia-bilduma\\\/\"]}]},{\"@type\":\"BreadcrumbList\",\"@id\":\"https:\\\/\\\/testonehojas.com\\\/eu\\\/donostia-bilduma\\\/#breadcrumb\",\"itemListElement\":[{\"@type\":\"ListItem\",\"position\":1,\"name\":\"Home\",\"item\":\"https:\\\/\\\/testonehojas.com\\\/eu\\\/\"},{\"@type\":\"ListItem\",\"position\":2,\"name\":\"Donostia bilduma\"}]},{\"@type\":\"WebSite\",\"@id\":\"https:\\\/\\\/testonehojas.com\\\/#website\",\"url\":\"https:\\\/\\\/testonehojas.com\\\/\",\"name\":\"Testone Hojas\",\"description\":\"Joyer\u00eda en base al metalizado de hojas y productos naturales\",\"potentialAction\":[{\"@type\":\"SearchAction\",\"target\":{\"@type\":\"EntryPoint\",\"urlTemplate\":\"https:\\\/\\\/testonehojas.com\\\/?s={search_term_string}\"},\"query-input\":{\"@type\":\"PropertyValueSpecification\",\"valueRequired\":true,\"valueName\":\"search_term_string\"}}],\"inLanguage\":\"eu-ES\"}]}<\/script>\n<!-- \/ Yoast SEO plugin. -->","yoast_head_json":{"title":"Donostia bilduma - Testone Hojas","robots":{"index":"index","follow":"follow","max-snippet":"max-snippet:-1","max-image-preview":"max-image-preview:large","max-video-preview":"max-video-preview:-1"},"canonical":"https:\/\/testonehojas.com\/eu\/donostia-bilduma\/","og_locale":"eu_ES","og_type":"article","og_title":"Donostia bilduma - Testone Hojas","og_description":"[vc_row][vc_column][vc_column_text css=&#8221;.vc_custom_1605542327985{border-left-width: 3px !important;padding-left: 20px !important;border-left-color: #9b231e !important;border-left-style: solid !important;}&#8221;] DONOSTIA BILDUMA [\/vc_column_text][vc_separator][vc_column_text] Bilduma honetan, Donostiako ikurrei omenaldia egiten diegu. Hiriko ikonoen interpretazio apala da, Donostiatik zurekin zatitxo bat eraman dezazun. [\/vc_column_text][vc_separator][\/vc_column][\/vc_row][vc_row full_width=&#8221;stretch_row_content_no_spaces&#8221; equal_height=&#8221;yes&#8221; content_placement=&#8221;middle&#8221; css=&#8221;.vc_custom_1605263013090{padding-top: 0px !important;}&#8221;][vc_column width=&#8221;1\/3&#8243; css=&#8221;.vc_custom_1605263024872{border-bottom-width: 8px !important;padding-top: 0px !important;border-bottom-color: #88231e !important;border-bottom-style: solid !important;}&#8221;][vc_column_text css=&#8221;.vc_custom_1605542436335{padding-top: 20px !important;}&#8221;] BARANDA [\/vc_column_text][\/vc_column][vc_column width=&#8221;2\/3&#8243; css=&#8221;.vc_custom_1605263032375{padding-top:&hellip;","og_url":"https:\/\/testonehojas.com\/eu\/donostia-bilduma\/","og_site_name":"Testone Hojas","article_modified_time":"2023-03-07T11:06:18+00:00","twitter_card":"summary_large_image","twitter_misc":{"Est. reading time":"3 minutes"},"schema":{"@context":"https:\/\/schema.org","@graph":[{"@type":"WebPage","@id":"https:\/\/testonehojas.com\/eu\/donostia-bilduma\/","url":"https:\/\/testonehojas.com\/eu\/donostia-bilduma\/","name":"Donostia bilduma - Testone Hojas","isPartOf":{"@id":"https:\/\/testonehojas.com\/#website"},"datePublished":"2018-07-03T14:33:57+00:00","dateModified":"2023-03-07T11:06:18+00:00","breadcrumb":{"@id":"https:\/\/testonehojas.com\/eu\/donostia-bilduma\/#breadcrumb"},"inLanguage":"eu-ES","potentialAction":[{"@type":"ReadAction","target":["https:\/\/testonehojas.com\/eu\/donostia-bilduma\/"]}]},{"@type":"BreadcrumbList","@id":"https:\/\/testonehojas.com\/eu\/donostia-bilduma\/#breadcrumb","itemListElement":[{"@type":"ListItem","position":1,"name":"Home","item":"https:\/\/testonehojas.com\/eu\/"},{"@type":"ListItem","position":2,"name":"Donostia bilduma"}]},{"@type":"WebSite","@id":"https:\/\/testonehojas.com\/#website","url":"https:\/\/testonehojas.com\/","name":"Testone Hojas","description":"Joyer\u00eda en base al metalizado de hojas y productos naturales","potentialAction":[{"@type":"SearchAction","target":{"@type":"EntryPoint","urlTemplate":"https:\/\/testonehojas.com\/?s={search_term_string}"},"query-input":{"@type":"PropertyValueSpecification","valueRequired":true,"valueName":"search_term_string"}}],"inLanguage":"eu-ES"}]}},"_links":{"self":[{"href":"https:\/\/testonehojas.com\/eu\/wp-json\/wp\/v2\/pages\/685","targetHints":{"allow":["GET"]}}],"collection":[{"href":"https:\/\/testonehojas.com\/eu\/wp-json\/wp\/v2\/pages"}],"about":[{"href":"https:\/\/testonehojas.com\/eu\/wp-json\/wp\/v2\/types\/page"}],"author":[{"embeddable":true,"href":"https:\/\/testonehojas.com\/eu\/wp-json\/wp\/v2\/users\/1"}],"replies":[{"embeddable":true,"href":"https:\/\/testonehojas.com\/eu\/wp-json\/wp\/v2\/comments?post=685"}],"version-history":[{"count":9,"href":"https:\/\/testonehojas.com\/eu\/wp-json\/wp\/v2\/pages\/685\/revisions"}],"predecessor-version":[{"id":2955,"href":"https:\/\/testonehojas.com\/eu\/wp-json\/wp\/v2\/pages\/685\/revisions\/2955"}],"wp:attachment":[{"href":"https:\/\/testonehojas.com\/eu\/wp-json\/wp\/v2\/media?parent=685"}],"curies":[{"name":"wp","href":"https:\/\/api.w.org\/{rel}","templated":true}]}}