{"id":1287,"date":"2018-08-01T11:20:06","date_gmt":"2018-08-01T09:20:06","guid":{"rendered":"http:\/\/testonehojas.com\/?page_id=1287"},"modified":"2018-08-01T11:20:06","modified_gmt":"2018-08-01T09:20:06","slug":"cookie-policy","status":"publish","type":"page","link":"https:\/\/testonehojas.com\/en\/cookie-policy\/","title":{"rendered":"Cookie Policy"},"content":{"rendered":"<div class=\"et_pb_row et_pb_row_0 et_pb_row_3-4_1-4\">\n<div class=\"et_pb_column et_pb_column_3_4 et_pb_column_0 et_pb_css_mix_blend_mode_passthrough\">\n<div class=\"et_pb_module et_pb_text et_pb_text_0 et_pb_bg_layout_light et_pb_text_align_left\">\n<div class=\"et_pb_text_inner\">\n<h3>\u00bfQu\u00e9 es una cookie?<\/h3>\n<p align=\"justify\">Una cookie es un peque\u00f1o archivo de informaci\u00f3n que el servidor env\u00eda a su navegador y permite almacenar y recuperar informaci\u00f3n para ofrecerle una mejor experiencia de usuario y\/o realizar estad\u00edsticas an\u00f3nimas de navegaci\u00f3n.<\/p>\n<p align=\"justify\">El presente sitio web utiliza cookies para llevar a cabo determinadas funciones que son consideradas imprescindibles para el correcto funcionamiento y visualizaci\u00f3n del mismo. Tambi\u00e9n utilizamos cookies para el an\u00e1lisis de su navegaci\u00f3n dentro del sitio web, con la finalidad de comprender como navegan los usuarios dentro de la web y poder mejorarla tras analizar dicha informaci\u00f3n. En ning\u00fan caso se utilizar\u00e1n las cookies para recoger informaci\u00f3n de car\u00e1cter personal.<\/p>\n<p align=\"justify\">Para utilizar el presente sitio web en toda su funcionalidad, debe aceptar la instalaci\u00f3n de estas cookies en su dispositivo.<\/p>\n<h3>\u00bfQu\u00e9 cookies utilizamos?<\/h3>\n<p align=\"justify\">Los tipos de cookies que utilizamos son<\/p>\n<p><strong>Cookies t\u00e9cnicas:<\/strong><\/p>\n<p>Estas cookies son necesarias para el correcto uso de la p\u00e1gina web, permitiendo el acceso a secciones que cuentan con filtros de seguridad. Sin estas cookies, muchos de los servicios disponibles no estar\u00edan operativos.<\/p>\n<p><strong>Cookies de an\u00e1lisis:<\/strong><\/p>\n<p>Son aqu\u00e9llas que, bien tratadas por nosotros o por terceros, nos permiten cuantificar el n\u00famero de usuarios y as\u00ed realizar la medici\u00f3n y an\u00e1lisis estad\u00edstico de la utilizaci\u00f3n que hacen los usuarios del sitio web. Para ello se analiza su navegaci\u00f3n en nuestra p\u00e1gina web con el fin de mejorar el servicio que prestamos as\u00ed como nuestra oferta de productos. Para este an\u00e1lisis utilizamos el Servicio Google Analytics, de Google Inc.<\/p>\n<p>Al utilizar nuestros servicios acepta la utilizaci\u00f3n de las cookies. Puede usted permitir, bloquear o eliminar las cookies instaladas en su equipo mediante la configuraci\u00f3n de las opciones del navegador instalado en su dispositivo. Por favor, consulte las instrucciones y manuales de su navegador para ampliar esta informaci\u00f3n.<\/p>\n<table border=\"0\" width=\"100%\" cellspacing=\"0\" cellpadding=\"0\">\n<tbody>\n<tr>\n<td><strong>Google Chrome <\/strong><\/td>\n<td><a href=\"https:\/\/support.google.com\/chrome\/answer\/95647?hl=es\" target=\"_blank\" rel=\"noopener\">https:\/\/support.google.com\/chrome\/answer\/95647?hl=es<\/a><\/td>\n<\/tr>\n<tr>\n<td><strong>Firefox<\/strong><\/td>\n<td><a href=\"http:\/\/support.mozilla.org\/es\/kb\/habilitar-y-deshabilitar-cookies-que-los-sitios-we\" target=\"_blank\" rel=\"noopener\">http:\/\/support.mozilla.org\/es\/kb\/habilitar-y-deshabilitar-cookies-que-los-sitios-we<\/a><\/td>\n<\/tr>\n<tr>\n<td><strong>Internet Explorer<\/strong><\/td>\n<td><a href=\"http:\/\/windows.microsoft.com\/es-xl\/internet-explorer\/delete-manage-cookies#ie=ie-8\" target=\"_blank\" rel=\"noopener\">http:\/\/windows.microsoft.com\/es-xl\/internet-explorer\/delete-manage-cookies#ie=ie-8<\/a><\/td>\n<\/tr>\n<tr>\n<td><strong>Safari<\/strong><\/td>\n<td>Puedes obtener informaci\u00f3n en el men\u00fa de Ayuda del navegador<\/td>\n<\/tr>\n<\/tbody>\n<\/table>\n<p>&nbsp;<\/p>\n<\/div>\n<\/div>\n<\/div>\n<div class=\"et_pb_column et_pb_column_1_4 et_pb_column_1 et_pb_css_mix_blend_mode_passthrough et-last-child et_pb_column_empty\"><\/div>\n<\/div>\n","protected":false},"excerpt":{"rendered":"<p>\u00bfQu\u00e9 es una cookie? Una cookie es un peque\u00f1o archivo de informaci\u00f3n que el servidor env\u00eda a su navegador y permite almacenar y recuperar informaci\u00f3n para ofrecerle una mejor experiencia de usuario y\/o realizar estad\u00edsticas an\u00f3nimas de navegaci\u00f3n. El presente sitio web utiliza cookies para llevar a cabo determinadas funciones que son consideradas imprescindibles para&hellip;<\/p>\n","protected":false},"author":1,"featured_media":0,"parent":0,"menu_order":0,"comment_status":"closed","ping_status":"closed","template":"","meta":{"_acf_changed":false,"footnotes":""},"class_list":["post-1287","page","type-page","status-publish","hentry","description-off"],"acf":[],"yoast_head":"<!-- This site is optimized with the Yoast SEO plugin v27.4 - https:\/\/yoast.com\/product\/yoast-seo-wordpress\/ -->\n<title>Cookie Policy - Testone Hojas<\/title>\n<meta name=\"robots\" content=\"index, follow, max-snippet:-1, max-image-preview:large, max-video-preview:-1\" \/>\n<link rel=\"canonical\" href=\"https:\/\/testonehojas.com\/en\/cookie-policy\/\" \/>\n<meta property=\"og:locale\" content=\"en_US\" \/>\n<meta property=\"og:type\" content=\"article\" \/>\n<meta property=\"og:title\" content=\"Cookie Policy - Testone Hojas\" \/>\n<meta property=\"og:description\" content=\"\u00bfQu\u00e9 es una cookie? Una cookie es un peque\u00f1o archivo de informaci\u00f3n que el servidor env\u00eda a su navegador y permite almacenar y recuperar informaci\u00f3n para ofrecerle una mejor experiencia de usuario y\/o realizar estad\u00edsticas an\u00f3nimas de navegaci\u00f3n. El presente sitio web utiliza cookies para llevar a cabo determinadas funciones que son consideradas imprescindibles para&hellip;\" \/>\n<meta property=\"og:url\" content=\"https:\/\/testonehojas.com\/en\/cookie-policy\/\" \/>\n<meta property=\"og:site_name\" content=\"Testone Hojas\" \/>\n<meta name=\"twitter:card\" content=\"summary_large_image\" \/>\n<meta name=\"twitter:label1\" content=\"Est. reading time\" \/>\n\t<meta name=\"twitter:data1\" content=\"2 minutes\" \/>\n<script type=\"application\/ld+json\" class=\"yoast-schema-graph\">{\"@context\":\"https:\\\/\\\/schema.org\",\"@graph\":[{\"@type\":\"WebPage\",\"@id\":\"https:\\\/\\\/testonehojas.com\\\/en\\\/cookie-policy\\\/\",\"url\":\"https:\\\/\\\/testonehojas.com\\\/en\\\/cookie-policy\\\/\",\"name\":\"Cookie Policy - Testone Hojas\",\"isPartOf\":{\"@id\":\"https:\\\/\\\/testonehojas.com\\\/#website\"},\"datePublished\":\"2018-08-01T09:20:06+00:00\",\"breadcrumb\":{\"@id\":\"https:\\\/\\\/testonehojas.com\\\/en\\\/cookie-policy\\\/#breadcrumb\"},\"inLanguage\":\"en-US\",\"potentialAction\":[{\"@type\":\"ReadAction\",\"target\":[\"https:\\\/\\\/testonehojas.com\\\/en\\\/cookie-policy\\\/\"]}]},{\"@type\":\"BreadcrumbList\",\"@id\":\"https:\\\/\\\/testonehojas.com\\\/en\\\/cookie-policy\\\/#breadcrumb\",\"itemListElement\":[{\"@type\":\"ListItem\",\"position\":1,\"name\":\"Home\",\"item\":\"https:\\\/\\\/testonehojas.com\\\/en\\\/\"},{\"@type\":\"ListItem\",\"position\":2,\"name\":\"Cookie Policy\"}]},{\"@type\":\"WebSite\",\"@id\":\"https:\\\/\\\/testonehojas.com\\\/#website\",\"url\":\"https:\\\/\\\/testonehojas.com\\\/\",\"name\":\"Testone Hojas\",\"description\":\"Joyer\u00eda en base al metalizado de hojas y productos naturales\",\"potentialAction\":[{\"@type\":\"SearchAction\",\"target\":{\"@type\":\"EntryPoint\",\"urlTemplate\":\"https:\\\/\\\/testonehojas.com\\\/?s={search_term_string}\"},\"query-input\":{\"@type\":\"PropertyValueSpecification\",\"valueRequired\":true,\"valueName\":\"search_term_string\"}}],\"inLanguage\":\"en-US\"}]}<\/script>\n<!-- \/ Yoast SEO plugin. -->","yoast_head_json":{"title":"Cookie Policy - Testone Hojas","robots":{"index":"index","follow":"follow","max-snippet":"max-snippet:-1","max-image-preview":"max-image-preview:large","max-video-preview":"max-video-preview:-1"},"canonical":"https:\/\/testonehojas.com\/en\/cookie-policy\/","og_locale":"en_US","og_type":"article","og_title":"Cookie Policy - Testone Hojas","og_description":"\u00bfQu\u00e9 es una cookie? Una cookie es un peque\u00f1o archivo de informaci\u00f3n que el servidor env\u00eda a su navegador y permite almacenar y recuperar informaci\u00f3n para ofrecerle una mejor experiencia de usuario y\/o realizar estad\u00edsticas an\u00f3nimas de navegaci\u00f3n. El presente sitio web utiliza cookies para llevar a cabo determinadas funciones que son consideradas imprescindibles para&hellip;","og_url":"https:\/\/testonehojas.com\/en\/cookie-policy\/","og_site_name":"Testone Hojas","twitter_card":"summary_large_image","twitter_misc":{"Est. reading time":"2 minutes"},"schema":{"@context":"https:\/\/schema.org","@graph":[{"@type":"WebPage","@id":"https:\/\/testonehojas.com\/en\/cookie-policy\/","url":"https:\/\/testonehojas.com\/en\/cookie-policy\/","name":"Cookie Policy - Testone Hojas","isPartOf":{"@id":"https:\/\/testonehojas.com\/#website"},"datePublished":"2018-08-01T09:20:06+00:00","breadcrumb":{"@id":"https:\/\/testonehojas.com\/en\/cookie-policy\/#breadcrumb"},"inLanguage":"en-US","potentialAction":[{"@type":"ReadAction","target":["https:\/\/testonehojas.com\/en\/cookie-policy\/"]}]},{"@type":"BreadcrumbList","@id":"https:\/\/testonehojas.com\/en\/cookie-policy\/#breadcrumb","itemListElement":[{"@type":"ListItem","position":1,"name":"Home","item":"https:\/\/testonehojas.com\/en\/"},{"@type":"ListItem","position":2,"name":"Cookie Policy"}]},{"@type":"WebSite","@id":"https:\/\/testonehojas.com\/#website","url":"https:\/\/testonehojas.com\/","name":"Testone Hojas","description":"Joyer\u00eda en base al metalizado de hojas y productos naturales","potentialAction":[{"@type":"SearchAction","target":{"@type":"EntryPoint","urlTemplate":"https:\/\/testonehojas.com\/?s={search_term_string}"},"query-input":{"@type":"PropertyValueSpecification","valueRequired":true,"valueName":"search_term_string"}}],"inLanguage":"en-US"}]}},"_links":{"self":[{"href":"https:\/\/testonehojas.com\/en\/wp-json\/wp\/v2\/pages\/1287","targetHints":{"allow":["GET"]}}],"collection":[{"href":"https:\/\/testonehojas.com\/en\/wp-json\/wp\/v2\/pages"}],"about":[{"href":"https:\/\/testonehojas.com\/en\/wp-json\/wp\/v2\/types\/page"}],"author":[{"embeddable":true,"href":"https:\/\/testonehojas.com\/en\/wp-json\/wp\/v2\/users\/1"}],"replies":[{"embeddable":true,"href":"https:\/\/testonehojas.com\/en\/wp-json\/wp\/v2\/comments?post=1287"}],"version-history":[{"count":1,"href":"https:\/\/testonehojas.com\/en\/wp-json\/wp\/v2\/pages\/1287\/revisions"}],"predecessor-version":[{"id":1292,"href":"https:\/\/testonehojas.com\/en\/wp-json\/wp\/v2\/pages\/1287\/revisions\/1292"}],"wp:attachment":[{"href":"https:\/\/testonehojas.com\/en\/wp-json\/wp\/v2\/media?parent=1287"}],"curies":[{"name":"wp","href":"https:\/\/api.w.org\/{rel}","templated":true}]}}